{"id":1470,"date":"2024-01-19T19:02:42","date_gmt":"2024-01-19T19:02:42","guid":{"rendered":"https:\/\/itecca.edu.do\/?page_id=1470"},"modified":"2024-01-19T19:04:13","modified_gmt":"2024-01-19T19:04:13","slug":"sobre-nosotros","status":"publish","type":"page","link":"https:\/\/itecca.edu.do\/index.php\/sobre-nosotros\/","title":{"rendered":"Sobre Nosotros"},"content":{"rendered":"\n<h1 class=\"wp-block-heading has-text-align-center\">Sobre Nosotros<\/h1>\n\n\n\n<p>Somos una instituci\u00f3n de nivel T\u00e9cnico Profesional, capaz de aportar las ofertas formativas que requiere y demanda el entorno empresarial, comercial e industrial, para responder a las expectativas de una educaci\u00f3n p\u00fablica de calidad.<\/p>\n\n\n\n<p>En esta modalidad, los egresados formados a nivel T\u00e9cnico son insertado en el mercado laboral, mediante el programa de pasant\u00edas en las empresas p\u00fablicas y privadas del pa\u00eds.<\/p>\n\n\n\n<h2 class=\"wp-block-heading has-text-align-center\"><strong>\u00bfQUIENES SOMOS?<\/strong><\/h2>\n\n\n\n<p>El Instituto Polit\u00e9cnico Colombina Canario es una instituci\u00f3n Publica que pertenece a Direcci\u00f3n de Educaci\u00f3n T\u00e9cnico Profesional del Ministerio de Educaci\u00f3n (<strong>MINERD<\/strong>), pertenece al Distrito Educativo 03 de la Regional 10, y esta ubicado en el sector Altos de Cansino.<\/p>\n\n\n\n<p class=\"has-black-color has-text-color has-link-color wp-elements-a06e3ecf478310a368405b0138c14974\"><strong>Este centro cuenta con la Formaci\u00f3n T\u00e9cnico Profesional de las siguientes Carreras T\u00e9cnicas:<\/strong><\/p>\n\n\n\n<ul class=\"wp-block-list\">\n<li>Instalaciones El\u00e9ctricas<\/li>\n\n\n\n<li>Desarrollo y Administraci\u00f3n de Aplicaciones Inform\u00e1ticas<\/li>\n\n\n\n<li>Equipos Electr\u00f3nicos<\/li>\n\n\n\n<li>Confecci\u00f3n y Patronaje<\/li>\n<\/ul>\n\n\n\n<div style=\"height:34px\" aria-hidden=\"true\" class=\"wp-block-spacer\"><\/div>\n\n\n\n<div class=\"wp-block-columns alignwide is-layout-flex wp-container-core-columns-is-layout-d2da2050 wp-block-columns-is-layout-flex\" style=\"margin-bottom:0\">\n<div class=\"wp-block-column has-text-color has-background has-link-color wp-elements-9c8262cc2f014b4466c69e30786bd084 is-layout-flow wp-block-column-is-layout-flow\" style=\"color:#000000;background-color:#ffe97d;padding-top:2em;padding-right:2em;padding-bottom:2em;padding-left:2em\">\n<h2 class=\"wp-block-heading has-text-align-center\" id=\"single\" style=\"font-size:40px\">Misi\u00f3n<\/h2>\n\n\n\n<hr class=\"wp-block-separator has-text-color has-css-opacity has-background is-style-wide\" style=\"background-color:#000000;color:#000000\"\/>\n\n\n\n<p>Forar t\u00e9cnicos competentes en capacidad de insertarse con<br>exito en el mundo laboral productivo y aportar en los procesos de transformaci\u00f3n en el ambito cientifico tecnol\u00f3gico y human\u00edstico que requiere la comunidad\u00a0y\u00a0el\u00a0pa\u00cds.<\/p>\n\n\n\n<p>Articular estrategias, planes y m\u00e9todos de trabajos que promuevan la investigaci\u00f3n y desarrolo de las capacidades de creatividad tecnol\u00f3gica en los alumnos y los maestros garantizando asi el resultado de un producto de calidad\u00a0cada\u00a0vez\u00a0m\u00e1s.<\/p>\n<\/div>\n\n\n\n<div class=\"wp-block-column has-text-color has-background has-link-color wp-elements-fd8a5ed49feae42d2b12e9de0c6cdc8e is-layout-flow wp-block-column-is-layout-flow\" style=\"color:#000000;background-color:#d1d1e1;padding-top:2em;padding-right:2em;padding-bottom:2em;padding-left:2em\">\n<h2 class=\"wp-block-heading has-text-align-center\" id=\"family\" style=\"font-size:40px\">Visi\u00f3n<\/h2>\n\n\n\n<hr class=\"wp-block-separator has-css-opacity is-style-wide\"\/>\n\n\n\n<p class=\"has-black-color has-text-color has-link-color wp-elements-ca071d0c06bbfc9eb4b80e777a4099bd\">Ser un modelo de educaci\u00f3n t\u00e9cnico profesional, capaz de aportar las ofertas de formaci\u00f3n t\u00e9cnicas que requiere y demanda el entorno empresarial, comercial e industrial.<\/p>\n\n\n\n<p class=\"has-black-color has-text-color has-link-color wp-elements-b79d92fae8439006268d70de5007275f\"><br>Responder a las expectativas de una educaci\u00f3n publica de calidad en momentos en que los desaf\u00edos cient\u00edficos, tecnol\u00f3gicos, socioecon\u00f3mico, p\u00fablicos y \u00e9ticos exigen una formaci\u00f3n m\u00e1s integral y competitiva en el marco del mundo cada vez m\u00e1s globalizado.<\/p>\n<\/div>\n\n\n\n<div class=\"wp-block-column has-text-color has-background has-link-color wp-elements-93a4280154efcbad781fe374eb835da4 is-layout-flow wp-block-column-is-layout-flow\" style=\"color:#000000;background-color:#c0ebf1;padding-top:2em;padding-right:2em;padding-bottom:2em;padding-left:2em\">\n<h2 class=\"wp-block-heading has-text-align-center\" id=\"patron\" style=\"font-size:40px\">Filosof\u00eda<\/h2>\n\n\n\n<hr class=\"wp-block-separator has-css-opacity is-style-wide\"\/>\n\n\n\n<p class=\"has-black-color has-text-color has-link-color wp-elements-bf0a14d04bf89c71e8d922b1cd7fa18a\">El Instituto Polit\u00e9cnico Colombina Canario tiene el compromiso de formar en valores y conocimientos t\u00e9cnicos, cient\u00edficos y human\u00edsticos&nbsp;a j\u00f3venes de nuestra sociedad sin distinci\u00f3n de sexo, color, religi\u00f3n e intereses pol\u00edticos.<\/p>\n\n\n\n<p class=\"has-black-color has-text-color has-link-color wp-elements-0bb285fe2566ece6f88fc80a1994c355\">Ofrecemos una Educaci\u00f3n pertinente y de calidad formando personas capaces de respetar la diversidad. Que participen de la vida activa y democr\u00e1tica del pa\u00eds. Que fortalezcan la identidad cultural, asumiendo actitudes innovadoras y administraci\u00f3n de recurso generando los cambios sociales que el pa\u00eds necesita.<\/p>\n<\/div>\n<\/div>\n\n\n\n<div style=\"height:40px\" aria-hidden=\"true\" class=\"wp-block-spacer\"><\/div>\n\n\n\n<div class=\"wp-block-columns alignwide is-layout-flex wp-container-core-columns-is-layout-d2da2050 wp-block-columns-is-layout-flex\" style=\"margin-bottom:0\">\n<div class=\"wp-block-column has-text-color has-background has-link-color wp-elements-8e8eaeae8631784bcb812bc4c0bbafc4 is-layout-flow wp-block-column-is-layout-flow\" style=\"color:#000000;background-color:#ffe97d;padding-top:2em;padding-right:2em;padding-bottom:2em;padding-left:2em\">\n<h2 class=\"wp-block-heading has-text-align-center\" id=\"single\" style=\"font-size:40px\">Valores<\/h2>\n\n\n\n<hr class=\"wp-block-separator has-text-color has-css-opacity has-background is-style-wide\" style=\"background-color:#000000;color:#000000\"\/>\n\n\n\n<ul class=\"wp-block-list\">\n<li><strong>Honestidad<\/strong><\/li>\n<\/ul>\n\n\n\n<ul class=\"wp-block-list\">\n<li><strong>Respeto<\/strong><\/li>\n<\/ul>\n\n\n\n<ul class=\"wp-block-list\">\n<li><strong>Responsabilidad<\/strong><\/li>\n<\/ul>\n\n\n\n<ul class=\"wp-block-list\">\n<li><strong>Solidaridad<\/strong><\/li>\n<\/ul>\n\n\n\n<ul class=\"wp-block-list\">\n<li><strong>Vocaci\u00f3n\u00a0de\u00a0servicio<\/strong><\/li>\n<\/ul>\n\n\n\n<ul class=\"wp-block-list\">\n<li><strong>Actitud  Critica, Reflexiva, Creativa, Participativa e Investigativa<\/strong><\/li>\n<\/ul>\n<\/div>\n\n\n\n<div class=\"wp-block-column has-text-color has-background has-link-color wp-elements-be9e0ccf0c95dad22ce704b7c663d44e is-layout-flow wp-block-column-is-layout-flow\" style=\"color:#000000;background-color:#d1d1e1;padding-top:2em;padding-right:2em;padding-bottom:2em;padding-left:2em\">\n<h2 class=\"wp-block-heading has-text-align-center\" id=\"family\" style=\"font-size:40px\">Prop\u00f3sitos<\/h2>\n\n\n\n<hr class=\"wp-block-separator has-css-opacity is-style-wide\"\/>\n\n\n\n<p>Garantizar la formaci\u00f3n de t\u00e9cnicos calificados, capaz de insertarse en el mercado laboral productivo.<\/p>\n\n\n\n<p>Desarrollar destrezas y habilidades t\u00e9cnicas a trav\u00e9s de la ejecuci\u00f3n de programas que favorezcan la competitividad.<\/p>\n\n\n\n<p>Involucrar a la comunidad educativa en las ejecutorias de planes de trabajo que eficienticen las carreras t\u00e9cnicas.<\/p>\n\n\n\n<p>Convertir las debilidades en fortalezas a trav\u00e9s de la ejecuci\u00f3n de planes de mejora en el orden institucional y pedag\u00f3gico.<\/p>\n<\/div>\n\n\n\n<div class=\"wp-block-column has-text-color has-background has-link-color wp-elements-896463badf5032138467a7e3bb8b76e7 is-layout-flow wp-block-column-is-layout-flow\" style=\"color:#000000;background-color:#c0ebf1;padding-top:2em;padding-right:2em;padding-bottom:2em;padding-left:2em\">\n<h2 class=\"wp-block-heading has-text-align-center\" id=\"patron\" style=\"font-size:40px\">Justificaci\u00f3n<\/h2>\n\n\n\n<hr class=\"wp-block-separator has-css-opacity is-style-wide\"\/>\n\n\n\n<p>Las exigencias de un mundo cada vez m\u00e1s competitivo, en el cual las posibilidades de \u00e9xitos est\u00e1n en una buena preparaci\u00f3n t\u00e9cnica e integral, obligan a los pueblos y a sus pobladores a emprender acciones y esfuerzos educativos y de formaci\u00f3n que les permita una mayor calificaci\u00f3n para el trabajo laboral.<\/p>\n\n\n\n<p>La cantidad de pobladores en los sectores que forman el entorno del Centro Educativo Colombina Canario y las demandas de los servicios t\u00e9cnicos calificados que requieren las actividades econ\u00f3micas y los procesos productivos industriales y comerciales, favorece la existencia de este centro de informaci\u00f3n t\u00e9cnica de alta calidad.<\/p>\n<\/div>\n<\/div>\n","protected":false},"excerpt":{"rendered":"<p>Sobre Nosotros Somos una instituci\u00f3n de nivel T\u00e9cnico Profesional, capaz de aportar las ofertas formativas que requiere y demanda el entorno empresarial, comercial e industrial, para responder a las expectativas de una educaci\u00f3n p\u00fablica de calidad. En esta modalidad, los egresados formados a nivel T\u00e9cnico son insertado en el mercado laboral, mediante el programa de &hellip;<\/p>\n<p class=\"read-more\"> <a class=\"\" href=\"https:\/\/itecca.edu.do\/index.php\/sobre-nosotros\/\"> <span class=\"screen-reader-text\">Sobre Nosotros<\/span> Leer m\u00e1s &raquo;<\/a><\/p>\n","protected":false},"author":1,"featured_media":0,"parent":0,"menu_order":0,"comment_status":"closed","ping_status":"closed","template":"","meta":{"site-sidebar-layout":"default","site-content-layout":"","ast-site-content-layout":"default","site-content-style":"default","site-sidebar-style":"default","ast-global-header-display":"","ast-banner-title-visibility":"","ast-main-header-display":"","ast-hfb-above-header-display":"","ast-hfb-below-header-display":"","ast-hfb-mobile-header-display":"","site-post-title":"disabled","ast-breadcrumbs-content":"","ast-featured-img":"","footer-sml-layout":"","theme-transparent-header-meta":"","adv-header-id-meta":"","stick-header-meta":"","header-above-stick-meta":"","header-main-stick-meta":"","header-below-stick-meta":"","astra-migrate-meta-layouts":"set","ast-page-background-enabled":"default","ast-page-background-meta":{"desktop":{"background-color":"","background-image":"","background-repeat":"repeat","background-position":"center center","background-size":"auto","background-attachment":"scroll","background-type":"","background-media":"","overlay-type":"","overlay-color":"","overlay-gradient":""},"tablet":{"background-color":"","background-image":"","background-repeat":"repeat","background-position":"center center","background-size":"auto","background-attachment":"scroll","background-type":"","background-media":"","overlay-type":"","overlay-color":"","overlay-gradient":""},"mobile":{"background-color":"","background-image":"","background-repeat":"repeat","background-position":"center center","background-size":"auto","background-attachment":"scroll","background-type":"","background-media":"","overlay-type":"","overlay-color":"","overlay-gradient":""}},"ast-content-background-meta":{"desktop":{"background-color":"var(--ast-global-color-5)","background-image":"","background-repeat":"repeat","background-position":"center center","background-size":"auto","background-attachment":"scroll","background-type":"","background-media":"","overlay-type":"","overlay-color":"","overlay-gradient":""},"tablet":{"background-color":"var(--ast-global-color-5)","background-image":"","background-repeat":"repeat","background-position":"center center","background-size":"auto","background-attachment":"scroll","background-type":"","background-media":"","overlay-type":"","overlay-color":"","overlay-gradient":""},"mobile":{"background-color":"var(--ast-global-color-5)","background-image":"","background-repeat":"repeat","background-position":"center center","background-size":"auto","background-attachment":"scroll","background-type":"","background-media":"","overlay-type":"","overlay-color":"","overlay-gradient":""}},"footnotes":""},"class_list":["post-1470","page","type-page","status-publish","hentry"],"_links":{"self":[{"href":"https:\/\/itecca.edu.do\/index.php\/wp-json\/wp\/v2\/pages\/1470","targetHints":{"allow":["GET"]}}],"collection":[{"href":"https:\/\/itecca.edu.do\/index.php\/wp-json\/wp\/v2\/pages"}],"about":[{"href":"https:\/\/itecca.edu.do\/index.php\/wp-json\/wp\/v2\/types\/page"}],"author":[{"embeddable":true,"href":"https:\/\/itecca.edu.do\/index.php\/wp-json\/wp\/v2\/users\/1"}],"replies":[{"embeddable":true,"href":"https:\/\/itecca.edu.do\/index.php\/wp-json\/wp\/v2\/comments?post=1470"}],"version-history":[{"count":11,"href":"https:\/\/itecca.edu.do\/index.php\/wp-json\/wp\/v2\/pages\/1470\/revisions"}],"predecessor-version":[{"id":1483,"href":"https:\/\/itecca.edu.do\/index.php\/wp-json\/wp\/v2\/pages\/1470\/revisions\/1483"}],"wp:attachment":[{"href":"https:\/\/itecca.edu.do\/index.php\/wp-json\/wp\/v2\/media?parent=1470"}],"curies":[{"name":"wp","href":"https:\/\/api.w.org\/{rel}","templated":true}]}}